{"id":366,"date":"2022-07-11T22:28:41","date_gmt":"2022-07-11T22:28:41","guid":{"rendered":"https:\/\/www.industriasurco.com.pe\/catalogo\/?post_type=product&#038;p=366"},"modified":"2022-07-13T14:24:04","modified_gmt":"2022-07-13T14:24:04","slug":"armario-de-conservacion-01-puerta-turboair","status":"publish","type":"product","link":"https:\/\/www.industriasurco.com.pe\/catalogo\/producto\/armario-de-conservacion-01-puerta-turboair\/","title":{"rendered":"Armario de conservaci\u00f3n TurboAir FD-650R"},"content":{"rendered":"<p><img loading=\"lazy\" decoding=\"async\" class=\"alignnone wp-image-367\" src=\"https:\/\/i0.wp.com\/www.industriasurco.com.pe\/catalogo\/wp-content\/uploads\/2022\/07\/turboair650r.jpg?resize=279%2C496\" alt=\"\" width=\"279\" height=\"496\" srcset=\"https:\/\/i0.wp.com\/www.industriasurco.com.pe\/catalogo\/wp-content\/uploads\/2022\/07\/turboair650r.jpg?w=535&amp;ssl=1 535w, https:\/\/i0.wp.com\/www.industriasurco.com.pe\/catalogo\/wp-content\/uploads\/2022\/07\/turboair650r.jpg?resize=200%2C356&amp;ssl=1 200w, https:\/\/i0.wp.com\/www.industriasurco.com.pe\/catalogo\/wp-content\/uploads\/2022\/07\/turboair650r.jpg?resize=169%2C300&amp;ssl=1 169w, https:\/\/i0.wp.com\/www.industriasurco.com.pe\/catalogo\/wp-content\/uploads\/2022\/07\/turboair650r.jpg?resize=450%2C801&amp;ssl=1 450w\" sizes=\"auto, (max-width: 279px) 100vw, 279px\" data-recalc-dims=\"1\" \/><\/p>\n<p>El gabinete refrigerado FD-650R se utiliza para almacenar alimentos en cocinas profesionales en comedores, cafeter\u00edas y restaurantes. El volumen interno de 651 litros. Tiene 4 rejillas de estante, que se pueden ajustar en altura. El cuerpo del gabinete y el interior de la c\u00e1mara est\u00e1n hechos de acero inoxidable, lo que garantiza una vida \u00fatil m\u00e1s larga.<br \/>\nDentro del gabinete refrigerado, FD-650R est\u00e1 equipado con una luz de fondo. El rango de temperatura es ajustable de 0 a + 8 \u00b0 C<\/p>\n","protected":false},"excerpt":{"rendered":"<table>\n<tbody>\n<tr>\n<td width=\"162\">Modelo<\/td>\n<td width=\"162\">FD-650R<\/td>\n<\/tr>\n<tr>\n<td width=\"162\">Dimensi\u00f3n<\/td>\n<td width=\"162\">686x770x2,103 mm<\/td>\n<\/tr>\n<tr>\n<td width=\"162\">Capacidad<\/td>\n<td width=\"162\">651 L<\/td>\n<\/tr>\n<tr>\n<td width=\"162\">Temperatura<\/td>\n<td width=\"162\">0\u00b0C \u2013 8\u00b0C<\/td>\n<\/tr>\n<tr>\n<td width=\"162\">Voltaje<\/td>\n<td width=\"162\">220V 50 HZ 1PH<\/td>\n<\/tr>\n<tr>\n<td width=\"162\">Peso<\/td>\n<td width=\"162\">131 KG<\/td>\n<\/tr>\n<\/tbody>\n<\/table>\n","protected":false},"featured_media":367,"comment_status":"open","ping_status":"closed","template":"","meta":{"advanced_seo_description":"","jetpack_seo_html_title":"","jetpack_seo_noindex":false},"product_cat":[29],"product_tag":[34],"class_list":{"0":"post-366","1":"product","2":"type-product","3":"status-publish","4":"has-post-thumbnail","6":"product_cat-equipos-importados","7":"product_tag-turboair","9":"first","10":"instock","11":"shipping-taxable","12":"product-type-simple"},"jetpack_sharing_enabled":true,"_links":{"self":[{"href":"https:\/\/www.industriasurco.com.pe\/catalogo\/wp-json\/wp\/v2\/product\/366","targetHints":{"allow":["GET"]}}],"collection":[{"href":"https:\/\/www.industriasurco.com.pe\/catalogo\/wp-json\/wp\/v2\/product"}],"about":[{"href":"https:\/\/www.industriasurco.com.pe\/catalogo\/wp-json\/wp\/v2\/types\/product"}],"replies":[{"embeddable":true,"href":"https:\/\/www.industriasurco.com.pe\/catalogo\/wp-json\/wp\/v2\/comments?post=366"}],"wp:featuredmedia":[{"embeddable":true,"href":"https:\/\/www.industriasurco.com.pe\/catalogo\/wp-json\/wp\/v2\/media\/367"}],"wp:attachment":[{"href":"https:\/\/www.industriasurco.com.pe\/catalogo\/wp-json\/wp\/v2\/media?parent=366"}],"wp:term":[{"taxonomy":"product_cat","embeddable":true,"href":"https:\/\/www.industriasurco.com.pe\/catalogo\/wp-json\/wp\/v2\/product_cat?post=366"},{"taxonomy":"product_tag","embeddable":true,"href":"https:\/\/www.industriasurco.com.pe\/catalogo\/wp-json\/wp\/v2\/product_tag?post=366"}],"curies":[{"name":"wp","href":"https:\/\/api.w.org\/{rel}","templated":true}]}}