{"id":395,"date":"2022-07-13T14:29:47","date_gmt":"2022-07-13T14:29:47","guid":{"rendered":"https:\/\/www.industriasurco.com.pe\/catalogo\/?post_type=product&#038;p=395"},"modified":"2022-07-20T10:02:34","modified_gmt":"2022-07-20T15:02:34","slug":"visicooler-de-conservacion-1-puerta-turbo-air-fd-650r-g1","status":"publish","type":"product","link":"https:\/\/www.industriasurco.com.pe\/catalogo\/producto\/visicooler-de-conservacion-1-puerta-turbo-air-fd-650r-g1\/","title":{"rendered":"Visicooler Turbo Air FD-650R G1"},"content":{"rendered":"<p><img loading=\"lazy\" decoding=\"async\" class=\"alignnone size-full wp-image-396\" src=\"https:\/\/i0.wp.com\/www.industriasurco.com.pe\/catalogo\/wp-content\/uploads\/2022\/07\/turboairFD-650R-G1.jpg?resize=356%2C612\" alt=\"\" width=\"356\" height=\"612\" srcset=\"https:\/\/i0.wp.com\/www.industriasurco.com.pe\/catalogo\/wp-content\/uploads\/2022\/07\/turboairFD-650R-G1.jpg?w=356&amp;ssl=1 356w, https:\/\/i0.wp.com\/www.industriasurco.com.pe\/catalogo\/wp-content\/uploads\/2022\/07\/turboairFD-650R-G1.jpg?resize=200%2C344&amp;ssl=1 200w, https:\/\/i0.wp.com\/www.industriasurco.com.pe\/catalogo\/wp-content\/uploads\/2022\/07\/turboairFD-650R-G1.jpg?resize=175%2C300&amp;ssl=1 175w\" sizes=\"auto, (max-width: 356px) 100vw, 356px\" data-recalc-dims=\"1\" \/><\/p>\n<p>El gabinete refrigerado Turbo Air FD-650R-G1 con una disposici\u00f3n m\u00e1s baja del compresor est\u00e1 dise\u00f1ado para enfriar y almacenar a corto plazo alimentos y bebidas perecederas en las empresas de la industria alimentaria, la restauraci\u00f3n y el comercio.<\/p>\n<p>Austune 1 puerta Display nevera 650L<br \/>\nAcero inoxidable interior y exterior<br \/>\nMonof\u00e1sico 10 amperios<br \/>\nPuertas de vidrio calentado con cerradura con llave<br \/>\nAjuste de enfriamiento r\u00e1pido<br \/>\nControlador Soft Touch<br \/>\nAdvertencia de puerta abierta<br \/>\nPantalla digital de temperatura, iluminaci\u00f3n fluorescente<br \/>\nRango de temperatura: 0 a 5c<br \/>\nEstantes: 4, corriente de funcionamiento 2.12, potencia de entrada 298w<br \/>\nRuedas bloqueables<br \/>\nDimensi\u00f3n: 686x770x2103mm inc Ruedas<br \/>\nPeso: 171kg.<\/p>\n","protected":false},"excerpt":{"rendered":"<p><strong>Visicooler de conservaci\u00f3n 1 puerta Turbo Air FD-650R- G1<\/strong><\/p>\n<p>Adquiere la mejor marca del mercado para la conservaci\u00f3n de tus productos y olv\u00eddate de los problemas.<\/p>\n<p><strong>Modelo<\/strong>:\u00a0 FD-650R- G1&gt;<br \/>\n<strong>Dimensi\u00f3n<\/strong>:\u00a0 686x770x2,103 mm<br \/>\n<strong>Capacidad<\/strong>:\u00a0 651 L<br \/>\n<strong>Temperatura<\/strong>:\u00a0 0\u00b0C \u2013 8\u00b0C<br \/>\n<strong>Voltaje<\/strong>:\u00a0 220V 50 HZ 1PH<br \/>\n<strong>Peso<\/strong>: 171KG<\/p>\n","protected":false},"featured_media":396,"comment_status":"open","ping_status":"closed","template":"","meta":{"advanced_seo_description":"","jetpack_seo_html_title":"","jetpack_seo_noindex":false},"product_cat":[29],"product_tag":[34],"class_list":{"0":"post-395","1":"product","2":"type-product","3":"status-publish","4":"has-post-thumbnail","6":"product_cat-equipos-importados","7":"product_tag-turboair","9":"first","10":"instock","11":"shipping-taxable","12":"product-type-simple"},"jetpack_sharing_enabled":true,"_links":{"self":[{"href":"https:\/\/www.industriasurco.com.pe\/catalogo\/wp-json\/wp\/v2\/product\/395","targetHints":{"allow":["GET"]}}],"collection":[{"href":"https:\/\/www.industriasurco.com.pe\/catalogo\/wp-json\/wp\/v2\/product"}],"about":[{"href":"https:\/\/www.industriasurco.com.pe\/catalogo\/wp-json\/wp\/v2\/types\/product"}],"replies":[{"embeddable":true,"href":"https:\/\/www.industriasurco.com.pe\/catalogo\/wp-json\/wp\/v2\/comments?post=395"}],"wp:featuredmedia":[{"embeddable":true,"href":"https:\/\/www.industriasurco.com.pe\/catalogo\/wp-json\/wp\/v2\/media\/396"}],"wp:attachment":[{"href":"https:\/\/www.industriasurco.com.pe\/catalogo\/wp-json\/wp\/v2\/media?parent=395"}],"wp:term":[{"taxonomy":"product_cat","embeddable":true,"href":"https:\/\/www.industriasurco.com.pe\/catalogo\/wp-json\/wp\/v2\/product_cat?post=395"},{"taxonomy":"product_tag","embeddable":true,"href":"https:\/\/www.industriasurco.com.pe\/catalogo\/wp-json\/wp\/v2\/product_tag?post=395"}],"curies":[{"name":"wp","href":"https:\/\/api.w.org\/{rel}","templated":true}]}}