{"id":397,"date":"2022-07-13T14:39:50","date_gmt":"2022-07-13T14:39:50","guid":{"rendered":"https:\/\/www.industriasurco.com.pe\/catalogo\/?post_type=product&#038;p=397"},"modified":"2023-04-21T14:57:24","modified_gmt":"2023-04-21T19:57:24","slug":"visicooler-de-conservacion-2-puertas-turboair-fd-12050r-g2","status":"publish","type":"product","link":"https:\/\/www.industriasurco.com.pe\/catalogo\/producto\/visicooler-de-conservacion-2-puertas-turboair-fd-12050r-g2\/","title":{"rendered":"Visicooler TurboAir FD 12050R G2"},"content":{"rendered":"<p><img loading=\"lazy\" decoding=\"async\" class=\"alignnone size-full wp-image-398\" src=\"https:\/\/i0.wp.com\/www.industriasurco.com.pe\/catalogo\/wp-content\/uploads\/2022\/07\/turboairFD-12050R-G2.jpg?resize=420%2C536\" alt=\"\" width=\"420\" height=\"536\" srcset=\"https:\/\/i0.wp.com\/www.industriasurco.com.pe\/catalogo\/wp-content\/uploads\/2022\/07\/turboairFD-12050R-G2.jpg?w=420&amp;ssl=1 420w, https:\/\/i0.wp.com\/www.industriasurco.com.pe\/catalogo\/wp-content\/uploads\/2022\/07\/turboairFD-12050R-G2.jpg?resize=200%2C255&amp;ssl=1 200w, https:\/\/i0.wp.com\/www.industriasurco.com.pe\/catalogo\/wp-content\/uploads\/2022\/07\/turboairFD-12050R-G2.jpg?resize=235%2C300&amp;ssl=1 235w\" sizes=\"auto, (max-width: 420px) 100vw, 420px\" data-recalc-dims=\"1\" \/><\/p>\n<p>El gabinete de enfriamiento Turbo air FD-1250R-G2 se utiliza para demostraci\u00f3n, enfriamiento y almacenamiento a corto plazo de alimentos y bebidas perecederas en la industria alimentaria, la restauraci\u00f3n y el comercio. La caja est\u00e1 hecha de aluminio y acero inoxidable con aislamiento de poliuretano de alta densidad, los estantes ajustables est\u00e1n hechos de alambre grueso recubierto de vinilo.<\/p>\n<p>Caracteristicas<\/p>\n<p>El sistema digital de control de temperatura garantiza una temperatura precisa y constante<br \/>\nSistema de monitoreo de alta tecnolog\u00eda:<br \/>\nSonar\u00e1 un pitido si la puerta se abre durante m\u00e1s de 30 segundos.<br \/>\nEl monitor digital muestra la temperatura actual y el estado actual del refrigerador<br \/>\nLa temperatura se puede cambiar f\u00e1cilmente ajustando el termostato.<br \/>\nLos sistemas de enfriamiento de gran tama\u00f1o y balanceados (sin CFC R-134A, 404A) (evaporadores y condensadores) son altamente eficientes y permiten lograr un enfriamiento r\u00e1pido de alimentos y bebidas.<br \/>\nEl sistema de encendido y apagado autom\u00e1tico del ventilador del evaporador, que se activa cuando se abre el refrigerador, evita que el aire caliente y h\u00famedo ingrese a la c\u00e1mara. Esto mejora la eficiencia energ\u00e9tica y extiende la vida \u00fatil del compresor.<br \/>\nLa posici\u00f3n inferior del compresor facilita el acceso para el mantenimiento y libera espacio de almacenamiento adicional para bebidas y alimentos.<br \/>\nLos sellos magn\u00e9ticos tienen un dise\u00f1o de una pieza, se pueden quitar sin herramientas, lo que garantiza una f\u00e1cil limpieza y reemplazo<br \/>\nPuertas de dise\u00f1o propio (patente) con doble acristalamiento y film termorreflectante. El dise\u00f1o liviano de la puerta aumenta la vida \u00fatil, reduce el desgaste del rodillo y facilita la apertura suave de la puerta<br \/>\nLos mangos ergon\u00f3micos se encuentran entre los mejores del mercado mundial.<\/p>\n<p>Modelo FD-1250R-G2<br \/>\nPotencia kW 0.245<br \/>\nDimensiones, mm 1382x770x2103<br \/>\nVolumen l 1387<br \/>\nPeso kg 252<br \/>\nVoltaje 220<br \/>\nPeso bruto, kg 259<br \/>\nTemperatura ambiente, \u00b0 \u0421 38<\/p>\n","protected":false},"excerpt":{"rendered":"<p><strong>Visicooler de conservaci\u00f3n 2 puertas TurboAir FD-12050R- G2<\/strong><\/p>\n<p><strong>Modelo:<\/strong> FD-12050R- G2<br \/>\n<strong>Dimensi\u00f3n<\/strong>: 1,382x770x2,103 mm<br \/>\n<strong>Capacidad<\/strong>: 1,387 L<br \/>\n<strong>Temperatura<\/strong>: 0\u00b0C \u2013 8\u00b0C<br \/>\n<strong>Voltaje:<\/strong> 220V 50 HZ 1PH<br \/>\n<strong>Peso<\/strong>: 252 KG<\/p>\n","protected":false},"featured_media":400,"comment_status":"open","ping_status":"closed","template":"","meta":{"advanced_seo_description":"","jetpack_seo_html_title":"","jetpack_seo_noindex":false},"product_cat":[29],"product_tag":[34],"class_list":{"0":"post-397","1":"product","2":"type-product","3":"status-publish","4":"has-post-thumbnail","6":"product_cat-equipos-importados","7":"product_tag-turboair","9":"first","10":"instock","11":"shipping-taxable","12":"product-type-simple"},"jetpack_sharing_enabled":true,"_links":{"self":[{"href":"https:\/\/www.industriasurco.com.pe\/catalogo\/wp-json\/wp\/v2\/product\/397","targetHints":{"allow":["GET"]}}],"collection":[{"href":"https:\/\/www.industriasurco.com.pe\/catalogo\/wp-json\/wp\/v2\/product"}],"about":[{"href":"https:\/\/www.industriasurco.com.pe\/catalogo\/wp-json\/wp\/v2\/types\/product"}],"replies":[{"embeddable":true,"href":"https:\/\/www.industriasurco.com.pe\/catalogo\/wp-json\/wp\/v2\/comments?post=397"}],"wp:featuredmedia":[{"embeddable":true,"href":"https:\/\/www.industriasurco.com.pe\/catalogo\/wp-json\/wp\/v2\/media\/400"}],"wp:attachment":[{"href":"https:\/\/www.industriasurco.com.pe\/catalogo\/wp-json\/wp\/v2\/media?parent=397"}],"wp:term":[{"taxonomy":"product_cat","embeddable":true,"href":"https:\/\/www.industriasurco.com.pe\/catalogo\/wp-json\/wp\/v2\/product_cat?post=397"},{"taxonomy":"product_tag","embeddable":true,"href":"https:\/\/www.industriasurco.com.pe\/catalogo\/wp-json\/wp\/v2\/product_tag?post=397"}],"curies":[{"name":"wp","href":"https:\/\/api.w.org\/{rel}","templated":true}]}}