{"id":401,"date":"2022-07-13T14:54:39","date_gmt":"2022-07-13T14:54:39","guid":{"rendered":"https:\/\/www.industriasurco.com.pe\/catalogo\/?post_type=product&#038;p=401"},"modified":"2022-07-13T14:54:40","modified_gmt":"2022-07-13T14:54:40","slug":"camara-mixta-de-4-puertas-turboair-krf45-4hp","status":"publish","type":"product","link":"https:\/\/www.industriasurco.com.pe\/catalogo\/producto\/camara-mixta-de-4-puertas-turboair-krf45-4hp\/","title":{"rendered":"Camara mixta de 4 puertas TurboAir KRF45-4HP"},"content":{"rendered":"<p><img loading=\"lazy\" decoding=\"async\" class=\"alignnone  wp-image-402\" src=\"https:\/\/i0.wp.com\/www.industriasurco.com.pe\/catalogo\/wp-content\/uploads\/2022\/07\/turbo-air-kr45-4-camara-conservacion.jpg?resize=429%2C429\" alt=\"\" width=\"429\" height=\"429\" srcset=\"https:\/\/i0.wp.com\/www.industriasurco.com.pe\/catalogo\/wp-content\/uploads\/2022\/07\/turbo-air-kr45-4-camara-conservacion.jpg?w=1000&amp;ssl=1 1000w, https:\/\/i0.wp.com\/www.industriasurco.com.pe\/catalogo\/wp-content\/uploads\/2022\/07\/turbo-air-kr45-4-camara-conservacion.jpg?resize=200%2C200&amp;ssl=1 200w, https:\/\/i0.wp.com\/www.industriasurco.com.pe\/catalogo\/wp-content\/uploads\/2022\/07\/turbo-air-kr45-4-camara-conservacion.jpg?resize=100%2C100&amp;ssl=1 100w, https:\/\/i0.wp.com\/www.industriasurco.com.pe\/catalogo\/wp-content\/uploads\/2022\/07\/turbo-air-kr45-4-camara-conservacion.jpg?resize=300%2C300&amp;ssl=1 300w, https:\/\/i0.wp.com\/www.industriasurco.com.pe\/catalogo\/wp-content\/uploads\/2022\/07\/turbo-air-kr45-4-camara-conservacion.jpg?resize=150%2C150&amp;ssl=1 150w, https:\/\/i0.wp.com\/www.industriasurco.com.pe\/catalogo\/wp-content\/uploads\/2022\/07\/turbo-air-kr45-4-camara-conservacion.jpg?resize=768%2C768&amp;ssl=1 768w, https:\/\/i0.wp.com\/www.industriasurco.com.pe\/catalogo\/wp-content\/uploads\/2022\/07\/turbo-air-kr45-4-camara-conservacion.jpg?resize=700%2C700&amp;ssl=1 700w, https:\/\/i0.wp.com\/www.industriasurco.com.pe\/catalogo\/wp-content\/uploads\/2022\/07\/turbo-air-kr45-4-camara-conservacion.jpg?resize=450%2C450&amp;ssl=1 450w\" sizes=\"auto, (max-width: 429px) 100vw, 429px\" data-recalc-dims=\"1\" \/><\/p>\n<div>\n<div>\n<p><em><strong>Marca: TURBO AIR<\/strong><\/em><\/p>\n<p><em><strong>Patente: USA<\/strong><\/em><\/p>\n<p><em>Fabricado en acero inoxidable.<\/em><\/p>\n<p><em><strong>Temperatura de trabajo:<\/strong> 1\u00b0C \/ 8 \u00b0C.<\/em><\/p>\n<p><em><strong>Temperatura de trabajo:<\/strong> -21\u00b0C \/ -12 \u00b0C.<\/em><\/p>\n<p><em>Refrigerante R-134a.<\/em><\/p>\n<p><em>Compresor 1\/3 HP x 2<\/em><\/p>\n<p><em><strong>Caracter\u00edsticas el\u00e9ctricas: <\/strong><\/em><\/p>\n<p><em>230V, 60 Hz, 732 Watts, monof\u00e1sico m\u00e1s l\u00ednea a tierra.<\/em><\/p>\n<\/div>\n<\/div>\n","protected":false},"excerpt":{"rendered":"<table style=\"height: 417px;\" width=\"373\">\n<tbody>\n<tr>\n<td width=\"152\">Modelo<\/td>\n<td width=\"152\">KRF45-4HP<\/td>\n<\/tr>\n<tr>\n<td width=\"152\">Dimensi\u00f3n<\/td>\n<td width=\"152\">1260x800x1,926 mm<\/td>\n<\/tr>\n<tr>\n<td width=\"152\">Capacidad<\/td>\n<td width=\"152\">651 L<\/td>\n<\/tr>\n<tr>\n<td width=\"152\">Temperatura<\/p>\n<p>(Conservaci\u00f3n\/congelaci\u00f3n)<\/td>\n<td width=\"152\">1\u00b0C \u2013 8\u00b0C\/ -21\u00b0C \u2013 -12\u00b0C<\/td>\n<\/tr>\n<tr>\n<td width=\"152\">Voltaje<\/td>\n<td width=\"152\">220V 50 HZ 1PH<\/td>\n<\/tr>\n<tr>\n<td width=\"152\">Peso<\/td>\n<td width=\"152\">152KG<\/td>\n<\/tr>\n<\/tbody>\n<\/table>\n","protected":false},"featured_media":402,"comment_status":"open","ping_status":"closed","template":"","meta":{"advanced_seo_description":"","jetpack_seo_html_title":"","jetpack_seo_noindex":false},"product_cat":[29],"product_tag":[34],"class_list":{"0":"post-401","1":"product","2":"type-product","3":"status-publish","4":"has-post-thumbnail","6":"product_cat-equipos-importados","7":"product_tag-turboair","9":"first","10":"instock","11":"shipping-taxable","12":"product-type-simple"},"jetpack_sharing_enabled":true,"_links":{"self":[{"href":"https:\/\/www.industriasurco.com.pe\/catalogo\/wp-json\/wp\/v2\/product\/401","targetHints":{"allow":["GET"]}}],"collection":[{"href":"https:\/\/www.industriasurco.com.pe\/catalogo\/wp-json\/wp\/v2\/product"}],"about":[{"href":"https:\/\/www.industriasurco.com.pe\/catalogo\/wp-json\/wp\/v2\/types\/product"}],"replies":[{"embeddable":true,"href":"https:\/\/www.industriasurco.com.pe\/catalogo\/wp-json\/wp\/v2\/comments?post=401"}],"wp:featuredmedia":[{"embeddable":true,"href":"https:\/\/www.industriasurco.com.pe\/catalogo\/wp-json\/wp\/v2\/media\/402"}],"wp:attachment":[{"href":"https:\/\/www.industriasurco.com.pe\/catalogo\/wp-json\/wp\/v2\/media?parent=401"}],"wp:term":[{"taxonomy":"product_cat","embeddable":true,"href":"https:\/\/www.industriasurco.com.pe\/catalogo\/wp-json\/wp\/v2\/product_cat?post=401"},{"taxonomy":"product_tag","embeddable":true,"href":"https:\/\/www.industriasurco.com.pe\/catalogo\/wp-json\/wp\/v2\/product_tag?post=401"}],"curies":[{"name":"wp","href":"https:\/\/api.w.org\/{rel}","templated":true}]}}