{"id":535,"date":"2022-07-20T13:49:04","date_gmt":"2022-07-20T18:49:04","guid":{"rendered":"https:\/\/www.industriasurco.com.pe\/catalogo\/?post_type=product&#038;p=535"},"modified":"2026-02-16T14:25:51","modified_gmt":"2026-02-16T19:25:51","slug":"cocina-surkito","status":"publish","type":"product","link":"https:\/\/www.industriasurco.com.pe\/catalogo\/producto\/cocina-surkito\/","title":{"rendered":"Cocina Surkito"},"content":{"rendered":"<p>Cocina <span class=\"error misspelling\" title=\"Se ha encontrado un posible error ortogr\u00e1fico.\" data-type=\"misspelling\" data-suggestions=\"[{&quot;value&quot;:&quot;Surgi\u00f3&quot;},{&quot;value&quot;:&quot;Surgido&quot;},{&quot;value&quot;:&quot;Suscit\u00f3&quot;},{&quot;value&quot;:&quot;S\u00e9quito&quot;},{&quot;value&quot;:&quot;Surtido&quot;},{&quot;value&quot;:&quot;S\u00fabdito&quot;},{&quot;value&quot;:&quot;S\u00fabito&quot;}]\" data-rule=\"MORFOLOGIK_RULE_ES\" data-word=\"Surkito\">Surkito, c<\/span>on encendido autom\u00e1tico ahorrador de GAS, ideal para espacios reducidos, cocina de <span class=\"misspelling correction\" title=\"Se ha encontrado un posible error ortogr\u00e1fico.\" data-type=\"misspelling\" data-suggestions=\"[{&quot;value&quot;:&quot;f\u00e1cil&quot;},{&quot;value&quot;:&quot;facial&quot;}]\" data-rule=\"MORFOLOGIK_RULE_ES\" data-word=\"facil\">f\u00e1cil<\/span> <span class=\"misspelling correction\" title=\"Se ha encontrado un posible error ortogr\u00e1fico.\" data-type=\"misspelling\" data-suggestions=\"[{&quot;value&quot;:&quot;traslad\u00f3&quot;},{&quot;value&quot;:&quot;tratado&quot;},{&quot;value&quot;:&quot;traslado&quot;},{&quot;value&quot;:&quot;trazado&quot;},{&quot;value&quot;:&quot;talado&quot;},{&quot;value&quot;:&quot;trabado&quot;},{&quot;value&quot;:&quot;tragado&quot;}]\" data-rule=\"MORFOLOGIK_RULE_ES\" data-word=\"tralado\">traslad\u00f3<\/span> para poner sobre mesas y <span class=\"misspelling correction\" title=\"Se ha encontrado un posible error ortogr\u00e1fico.\" data-type=\"misspelling\" data-suggestions=\"[{&quot;value&quot;:&quot;superficies&quot;},{&quot;value&quot;:&quot;superficiales&quot;},{&quot;value&quot;:&quot;superfelices&quot;},{&quot;value&quot;:&quot;superf\u00e1ciles&quot;}]\" data-rule=\"MORFOLOGIK_RULE_ES\" data-word=\"superfisices\">superficies<\/span> planas.<img loading=\"lazy\" decoding=\"async\" class=\"alignnone size-full wp-image-536\" src=\"https:\/\/i0.wp.com\/www.industriasurco.com.pe\/catalogo\/wp-content\/uploads\/2022\/07\/cocina-surkito.jpg?resize=1170%2C877\" alt=\"\" width=\"1170\" height=\"877\" srcset=\"https:\/\/i0.wp.com\/www.industriasurco.com.pe\/catalogo\/wp-content\/uploads\/2022\/07\/cocina-surkito.jpg?w=1890&amp;ssl=1 1890w, https:\/\/i0.wp.com\/www.industriasurco.com.pe\/catalogo\/wp-content\/uploads\/2022\/07\/cocina-surkito.jpg?resize=200%2C150&amp;ssl=1 200w, https:\/\/i0.wp.com\/www.industriasurco.com.pe\/catalogo\/wp-content\/uploads\/2022\/07\/cocina-surkito.jpg?resize=300%2C225&amp;ssl=1 300w, https:\/\/i0.wp.com\/www.industriasurco.com.pe\/catalogo\/wp-content\/uploads\/2022\/07\/cocina-surkito.jpg?resize=1024%2C768&amp;ssl=1 1024w, https:\/\/i0.wp.com\/www.industriasurco.com.pe\/catalogo\/wp-content\/uploads\/2022\/07\/cocina-surkito.jpg?resize=768%2C576&amp;ssl=1 768w, https:\/\/i0.wp.com\/www.industriasurco.com.pe\/catalogo\/wp-content\/uploads\/2022\/07\/cocina-surkito.jpg?resize=1536%2C1152&amp;ssl=1 1536w, https:\/\/i0.wp.com\/www.industriasurco.com.pe\/catalogo\/wp-content\/uploads\/2022\/07\/cocina-surkito.jpg?resize=1320%2C990&amp;ssl=1 1320w, https:\/\/i0.wp.com\/www.industriasurco.com.pe\/catalogo\/wp-content\/uploads\/2022\/07\/cocina-surkito.jpg?resize=450%2C337&amp;ssl=1 450w\" sizes=\"auto, (max-width: 1170px) 100vw, 1170px\" data-recalc-dims=\"1\" \/><\/p>\n","protected":false},"excerpt":{"rendered":"<p><strong>Cocina a gas Ahorrador Surkito<\/strong><\/p>\n<p>&#8211; Cocina Ahorradora se Gas de BAJA PRESI\u00d3N<br \/>\n&#8211; Fabricado en acero inoxidable<br \/>\n&#8211; No usa encendedor, f\u00f3sforo ni energ\u00eda el\u00e9ctrica.<br \/>\n&#8211; Encendido autom\u00e1tic0 incorporado.<br \/>\n&#8211; Hornillas con 2 quemadores independientes<br \/>\n&#8211; 2 niveles de cocci\u00f3n<br \/>\n&#8211; F\u00e1cil de limpiar<br \/>\n&#8211; Embalada en una caja de cart\u00f3n<br \/>\n&#8211; Medidas: 710 x 360 x 100 mm<\/p>\n","protected":false},"featured_media":536,"comment_status":"open","ping_status":"closed","template":"","meta":{"advanced_seo_description":"","jetpack_seo_html_title":"","jetpack_seo_noindex":false},"product_cat":[18],"product_tag":[41],"class_list":{"0":"post-535","1":"product","2":"type-product","3":"status-publish","4":"has-post-thumbnail","6":"product_cat-equipos-de-gas","7":"product_tag-cocinas","9":"first","10":"instock","11":"shipping-taxable","12":"product-type-simple"},"jetpack_sharing_enabled":true,"_links":{"self":[{"href":"https:\/\/www.industriasurco.com.pe\/catalogo\/wp-json\/wp\/v2\/product\/535","targetHints":{"allow":["GET"]}}],"collection":[{"href":"https:\/\/www.industriasurco.com.pe\/catalogo\/wp-json\/wp\/v2\/product"}],"about":[{"href":"https:\/\/www.industriasurco.com.pe\/catalogo\/wp-json\/wp\/v2\/types\/product"}],"replies":[{"embeddable":true,"href":"https:\/\/www.industriasurco.com.pe\/catalogo\/wp-json\/wp\/v2\/comments?post=535"}],"wp:featuredmedia":[{"embeddable":true,"href":"https:\/\/www.industriasurco.com.pe\/catalogo\/wp-json\/wp\/v2\/media\/536"}],"wp:attachment":[{"href":"https:\/\/www.industriasurco.com.pe\/catalogo\/wp-json\/wp\/v2\/media?parent=535"}],"wp:term":[{"taxonomy":"product_cat","embeddable":true,"href":"https:\/\/www.industriasurco.com.pe\/catalogo\/wp-json\/wp\/v2\/product_cat?post=535"},{"taxonomy":"product_tag","embeddable":true,"href":"https:\/\/www.industriasurco.com.pe\/catalogo\/wp-json\/wp\/v2\/product_tag?post=535"}],"curies":[{"name":"wp","href":"https:\/\/api.w.org\/{rel}","templated":true}]}}