{"id":537,"date":"2022-07-20T14:59:30","date_gmt":"2022-07-20T19:59:30","guid":{"rendered":"https:\/\/www.industriasurco.com.pe\/catalogo\/?post_type=product&#038;p=537"},"modified":"2024-09-19T14:11:26","modified_gmt":"2024-09-19T19:11:26","slug":"horno-electrico-6-pollos","status":"publish","type":"product","link":"https:\/\/www.industriasurco.com.pe\/catalogo\/producto\/horno-electrico-6-pollos\/","title":{"rendered":"Horno el\u00e9ctrico 6 pollos"},"content":{"rendered":"<p>Que esperas y adquiere este peque\u00f1o pero poderoso horno el\u00e9ctrico para pollo a la brasa ideal para espacios peque\u00f1os<\/p>\n<p>&nbsp;<\/p>\n<p><img loading=\"lazy\" decoding=\"async\" class=\"alignnone  wp-image-538\" src=\"https:\/\/i0.wp.com\/www.industriasurco.com.pe\/catalogo\/wp-content\/uploads\/2022\/07\/horno-6-pollos.jpg?resize=705%2C529\" alt=\"\" width=\"705\" height=\"529\" data-recalc-dims=\"1\" \/><\/p>\n","protected":false},"excerpt":{"rendered":"<p><strong>Horno el\u00e9ctrico para 6 pollos a la brasa\u00a0<\/strong><\/p>\n<p>\u2022 Fabricado en acero inoxidable.<br \/>\n\u2022 Capacidad para 6 pollos.<br \/>\n\u2022 Puerta de vidrio templado batiente.<br \/>\n\u2022 3 quemadores infrarrojos.<br \/>\n\u2022 Luz interior.<br \/>\n\u2022 Motor 1\/3 Hp. monof\u00e1sico.<br \/>\n\u2022 Con regatones regulables.<br \/>\n\u2022 3 espiedos, 2 pollos por espiedo.<\/p>\n","protected":false},"featured_media":538,"comment_status":"open","ping_status":"closed","template":"","meta":{"advanced_seo_description":"","jetpack_seo_html_title":"","jetpack_seo_noindex":false},"product_cat":[21],"product_tag":[19],"class_list":{"0":"post-537","1":"product","2":"type-product","3":"status-publish","4":"has-post-thumbnail","6":"product_cat-linea-de-equipos-electricos","7":"product_tag-horno","9":"first","10":"instock","11":"shipping-taxable","12":"product-type-simple"},"jetpack_sharing_enabled":true,"_links":{"self":[{"href":"https:\/\/www.industriasurco.com.pe\/catalogo\/wp-json\/wp\/v2\/product\/537","targetHints":{"allow":["GET"]}}],"collection":[{"href":"https:\/\/www.industriasurco.com.pe\/catalogo\/wp-json\/wp\/v2\/product"}],"about":[{"href":"https:\/\/www.industriasurco.com.pe\/catalogo\/wp-json\/wp\/v2\/types\/product"}],"replies":[{"embeddable":true,"href":"https:\/\/www.industriasurco.com.pe\/catalogo\/wp-json\/wp\/v2\/comments?post=537"}],"wp:featuredmedia":[{"embeddable":true,"href":"https:\/\/www.industriasurco.com.pe\/catalogo\/wp-json\/wp\/v2\/media\/538"}],"wp:attachment":[{"href":"https:\/\/www.industriasurco.com.pe\/catalogo\/wp-json\/wp\/v2\/media?parent=537"}],"wp:term":[{"taxonomy":"product_cat","embeddable":true,"href":"https:\/\/www.industriasurco.com.pe\/catalogo\/wp-json\/wp\/v2\/product_cat?post=537"},{"taxonomy":"product_tag","embeddable":true,"href":"https:\/\/www.industriasurco.com.pe\/catalogo\/wp-json\/wp\/v2\/product_tag?post=537"}],"curies":[{"name":"wp","href":"https:\/\/api.w.org\/{rel}","templated":true}]}}