{"id":659,"date":"2022-09-26T09:28:38","date_gmt":"2022-09-26T14:28:38","guid":{"rendered":"https:\/\/www.industriasurco.com.pe\/catalogo\/?post_type=product&#038;p=659"},"modified":"2022-10-31T09:10:09","modified_gmt":"2022-10-31T14:10:09","slug":"horno-a-carbon-de-18-pollos","status":"publish","type":"product","link":"https:\/\/www.industriasurco.com.pe\/catalogo\/producto\/horno-a-carbon-de-18-pollos\/","title":{"rendered":"horno a carb\u00f3n de 18 pollos"},"content":{"rendered":"<p>Horno de pollo a la brasa de 18 pollos a carb\u00f3n o con roca volc\u00e1nica, 3 pollos por espiedo excelente cocci\u00f3n\u00a0 contra placado.<\/p>\n<p>&nbsp;<\/p>\n<p><img loading=\"lazy\" decoding=\"async\" class=\"alignnone  wp-image-660\" src=\"https:\/\/i0.wp.com\/www.industriasurco.com.pe\/catalogo\/wp-content\/uploads\/2022\/09\/horno18pollos.png?resize=471%2C552\" alt=\"\" width=\"471\" height=\"552\" srcset=\"https:\/\/i0.wp.com\/www.industriasurco.com.pe\/catalogo\/wp-content\/uploads\/2022\/09\/horno18pollos.png?w=1440&amp;ssl=1 1440w, https:\/\/i0.wp.com\/www.industriasurco.com.pe\/catalogo\/wp-content\/uploads\/2022\/09\/horno18pollos.png?resize=200%2C234&amp;ssl=1 200w, https:\/\/i0.wp.com\/www.industriasurco.com.pe\/catalogo\/wp-content\/uploads\/2022\/09\/horno18pollos.png?resize=256%2C300&amp;ssl=1 256w, https:\/\/i0.wp.com\/www.industriasurco.com.pe\/catalogo\/wp-content\/uploads\/2022\/09\/horno18pollos.png?resize=874%2C1024&amp;ssl=1 874w, https:\/\/i0.wp.com\/www.industriasurco.com.pe\/catalogo\/wp-content\/uploads\/2022\/09\/horno18pollos.png?resize=768%2C900&amp;ssl=1 768w, https:\/\/i0.wp.com\/www.industriasurco.com.pe\/catalogo\/wp-content\/uploads\/2022\/09\/horno18pollos.png?resize=1310%2C1536&amp;ssl=1 1310w, https:\/\/i0.wp.com\/www.industriasurco.com.pe\/catalogo\/wp-content\/uploads\/2022\/09\/horno18pollos.png?resize=1320%2C1547&amp;ssl=1 1320w, https:\/\/i0.wp.com\/www.industriasurco.com.pe\/catalogo\/wp-content\/uploads\/2022\/09\/horno18pollos.png?resize=450%2C528&amp;ssl=1 450w\" sizes=\"auto, (max-width: 471px) 100vw, 471px\" data-recalc-dims=\"1\" \/><\/p>\n","protected":false},"excerpt":{"rendered":"<p>Combustible: Roca Volc\u00e1nica o carb\u00f3n<br \/>\n&#8211; Fabricado en su exterior e interior en acero inoxidable.<br \/>\n&#8211; Bandeja receptora de grasa.<br \/>\n&#8211; Puerta panor\u00e1mica de vidrio templado.<br \/>\n&#8211; Techo c\u00f3nico para evacuaci\u00f3n de humos.<br \/>\n&#8211; 06 espiedos con capacidad para 3 pollos c\/u.<br \/>\n&#8211; Certificaci\u00f3n Internacional NSF<\/p>\n","protected":false},"featured_media":660,"comment_status":"open","ping_status":"closed","template":"","meta":{"advanced_seo_description":"","jetpack_seo_html_title":"","jetpack_seo_noindex":false},"product_cat":[18],"product_tag":[66,67,65,19],"class_list":{"0":"post-659","1":"product","2":"type-product","3":"status-publish","4":"has-post-thumbnail","6":"product_cat-equipos-de-gas","7":"product_tag-18pollos","8":"product_tag-alabrasaa","9":"product_tag-carbon","10":"product_tag-horno","12":"first","13":"instock","14":"shipping-taxable","15":"product-type-simple"},"jetpack_sharing_enabled":true,"_links":{"self":[{"href":"https:\/\/www.industriasurco.com.pe\/catalogo\/wp-json\/wp\/v2\/product\/659","targetHints":{"allow":["GET"]}}],"collection":[{"href":"https:\/\/www.industriasurco.com.pe\/catalogo\/wp-json\/wp\/v2\/product"}],"about":[{"href":"https:\/\/www.industriasurco.com.pe\/catalogo\/wp-json\/wp\/v2\/types\/product"}],"replies":[{"embeddable":true,"href":"https:\/\/www.industriasurco.com.pe\/catalogo\/wp-json\/wp\/v2\/comments?post=659"}],"wp:featuredmedia":[{"embeddable":true,"href":"https:\/\/www.industriasurco.com.pe\/catalogo\/wp-json\/wp\/v2\/media\/660"}],"wp:attachment":[{"href":"https:\/\/www.industriasurco.com.pe\/catalogo\/wp-json\/wp\/v2\/media?parent=659"}],"wp:term":[{"taxonomy":"product_cat","embeddable":true,"href":"https:\/\/www.industriasurco.com.pe\/catalogo\/wp-json\/wp\/v2\/product_cat?post=659"},{"taxonomy":"product_tag","embeddable":true,"href":"https:\/\/www.industriasurco.com.pe\/catalogo\/wp-json\/wp\/v2\/product_tag?post=659"}],"curies":[{"name":"wp","href":"https:\/\/api.w.org\/{rel}","templated":true}]}}