{"id":814,"date":"2023-04-10T16:57:55","date_gmt":"2023-04-10T21:57:55","guid":{"rendered":"https:\/\/www.industriasurco.com.pe\/catalogo\/?post_type=product&#038;p=814"},"modified":"2023-04-12T15:58:15","modified_gmt":"2023-04-12T20:58:15","slug":"mega-horno-convector","status":"publish","type":"product","link":"https:\/\/www.industriasurco.com.pe\/catalogo\/producto\/mega-horno-convector\/","title":{"rendered":"Mega Horno Convector"},"content":{"rendered":"<p>-fabricado en plancha acero inoxidable<br \/>\n-Con 04 canastillas fabricado en varillas de acero inoxidable<br \/>\n-Con aislamiento t\u00e9rmico con lana de roca<br \/>\n-Con dos ventiladores<br \/>\n-Con quemador importado de gran poder calor\u00edfico<br \/>\n-Panel de control an\u00e1logo,<br \/>\n-Sistema de rotaci\u00f3n accionado por motor reductor<br \/>\n-Puertas contra placadas en acero inoxidable con aislamiento t\u00e9rmico<br \/>\n-Sensores en puertas<br \/>\n-Con ruedas para trabajo pesado de 4\u201d<br \/>\n-Cabina posterior cil\u00edndrica para alojar para alojar le\u00f1a o carb\u00f3n .<\/p>\n<p>&nbsp;<\/p>\n<figure id=\"attachment_815\" aria-describedby=\"caption-attachment-815\" style=\"width: 493px\" class=\"wp-caption alignnone\"><img loading=\"lazy\" decoding=\"async\" class=\" wp-image-815\" src=\"https:\/\/i0.wp.com\/www.industriasurco.com.pe\/catalogo\/wp-content\/uploads\/2023\/04\/foto_horno_pavo.png?resize=493%2C381\" alt=\"\" width=\"493\" height=\"381\" srcset=\"https:\/\/i0.wp.com\/www.industriasurco.com.pe\/catalogo\/wp-content\/uploads\/2023\/04\/foto_horno_pavo.png?w=3268&amp;ssl=1 3268w, https:\/\/i0.wp.com\/www.industriasurco.com.pe\/catalogo\/wp-content\/uploads\/2023\/04\/foto_horno_pavo.png?resize=200%2C155&amp;ssl=1 200w, https:\/\/i0.wp.com\/www.industriasurco.com.pe\/catalogo\/wp-content\/uploads\/2023\/04\/foto_horno_pavo.png?resize=300%2C232&amp;ssl=1 300w, https:\/\/i0.wp.com\/www.industriasurco.com.pe\/catalogo\/wp-content\/uploads\/2023\/04\/foto_horno_pavo.png?resize=1024%2C792&amp;ssl=1 1024w, https:\/\/i0.wp.com\/www.industriasurco.com.pe\/catalogo\/wp-content\/uploads\/2023\/04\/foto_horno_pavo.png?resize=768%2C594&amp;ssl=1 768w, https:\/\/i0.wp.com\/www.industriasurco.com.pe\/catalogo\/wp-content\/uploads\/2023\/04\/foto_horno_pavo.png?resize=1536%2C1187&amp;ssl=1 1536w, https:\/\/i0.wp.com\/www.industriasurco.com.pe\/catalogo\/wp-content\/uploads\/2023\/04\/foto_horno_pavo.png?resize=2048%2C1583&amp;ssl=1 2048w, https:\/\/i0.wp.com\/www.industriasurco.com.pe\/catalogo\/wp-content\/uploads\/2023\/04\/foto_horno_pavo.png?resize=1320%2C1020&amp;ssl=1 1320w, https:\/\/i0.wp.com\/www.industriasurco.com.pe\/catalogo\/wp-content\/uploads\/2023\/04\/foto_horno_pavo.png?w=2340 2340w\" sizes=\"auto, (max-width: 493px) 100vw, 493px\" data-recalc-dims=\"1\" \/><figcaption id=\"caption-attachment-815\" class=\"wp-caption-text\">Horno Convector para chancho, pavos, ahumador<\/figcaption><\/figure>\n","protected":false},"excerpt":{"rendered":"<p>&#8211; Fabricado en plancha acero inoxidable<br \/>\n&#8211; Con 04 canastillas fabricado en varillas de acero inoxidable<br \/>\n&#8211; Con aislamiento t\u00e9rmico con lana de roca<\/p>\n","protected":false},"featured_media":815,"comment_status":"open","ping_status":"closed","template":"","meta":{"advanced_seo_description":"","jetpack_seo_html_title":"","jetpack_seo_noindex":false},"product_cat":[18],"product_tag":[73,74,76,19],"class_list":{"0":"post-814","1":"product","2":"type-product","3":"status-publish","4":"has-post-thumbnail","6":"product_cat-equipos-de-gas","7":"product_tag-ahumador","8":"product_tag-convector","9":"product_tag-exportacion","10":"product_tag-horno","12":"first","13":"instock","14":"shipping-taxable","15":"product-type-simple"},"jetpack_sharing_enabled":true,"_links":{"self":[{"href":"https:\/\/www.industriasurco.com.pe\/catalogo\/wp-json\/wp\/v2\/product\/814","targetHints":{"allow":["GET"]}}],"collection":[{"href":"https:\/\/www.industriasurco.com.pe\/catalogo\/wp-json\/wp\/v2\/product"}],"about":[{"href":"https:\/\/www.industriasurco.com.pe\/catalogo\/wp-json\/wp\/v2\/types\/product"}],"replies":[{"embeddable":true,"href":"https:\/\/www.industriasurco.com.pe\/catalogo\/wp-json\/wp\/v2\/comments?post=814"}],"wp:featuredmedia":[{"embeddable":true,"href":"https:\/\/www.industriasurco.com.pe\/catalogo\/wp-json\/wp\/v2\/media\/815"}],"wp:attachment":[{"href":"https:\/\/www.industriasurco.com.pe\/catalogo\/wp-json\/wp\/v2\/media?parent=814"}],"wp:term":[{"taxonomy":"product_cat","embeddable":true,"href":"https:\/\/www.industriasurco.com.pe\/catalogo\/wp-json\/wp\/v2\/product_cat?post=814"},{"taxonomy":"product_tag","embeddable":true,"href":"https:\/\/www.industriasurco.com.pe\/catalogo\/wp-json\/wp\/v2\/product_tag?post=814"}],"curies":[{"name":"wp","href":"https:\/\/api.w.org\/{rel}","templated":true}]}}