{"id":90,"date":"2022-07-04T20:49:04","date_gmt":"2022-07-04T20:49:04","guid":{"rendered":"https:\/\/www.industriasurco.com.pe\/catalogo\/?post_type=product&#038;p=90"},"modified":"2026-02-16T14:24:46","modified_gmt":"2026-02-16T19:24:46","slug":"freidora-rematadora-de-papa-de-mesa","status":"publish","type":"product","link":"https:\/\/www.industriasurco.com.pe\/catalogo\/producto\/freidora-rematadora-de-papa-de-mesa\/","title":{"rendered":"Freidora de mesa"},"content":{"rendered":"<p><img loading=\"lazy\" decoding=\"async\" class=\"alignnone wp-image-91\" src=\"https:\/\/i0.wp.com\/www.industriasurco.com.pe\/catalogo\/wp-content\/uploads\/2022\/07\/Freidora-Rematadora.jpg?resize=558%2C372\" alt=\"\" width=\"558\" height=\"372\" srcset=\"https:\/\/i0.wp.com\/www.industriasurco.com.pe\/catalogo\/wp-content\/uploads\/2022\/07\/Freidora-Rematadora.jpg?w=1980&amp;ssl=1 1980w, https:\/\/i0.wp.com\/www.industriasurco.com.pe\/catalogo\/wp-content\/uploads\/2022\/07\/Freidora-Rematadora.jpg?resize=200%2C133&amp;ssl=1 200w, https:\/\/i0.wp.com\/www.industriasurco.com.pe\/catalogo\/wp-content\/uploads\/2022\/07\/Freidora-Rematadora.jpg?resize=300%2C200&amp;ssl=1 300w, https:\/\/i0.wp.com\/www.industriasurco.com.pe\/catalogo\/wp-content\/uploads\/2022\/07\/Freidora-Rematadora.jpg?resize=1024%2C683&amp;ssl=1 1024w, https:\/\/i0.wp.com\/www.industriasurco.com.pe\/catalogo\/wp-content\/uploads\/2022\/07\/Freidora-Rematadora.jpg?resize=768%2C512&amp;ssl=1 768w, https:\/\/i0.wp.com\/www.industriasurco.com.pe\/catalogo\/wp-content\/uploads\/2022\/07\/Freidora-Rematadora.jpg?resize=1536%2C1024&amp;ssl=1 1536w, https:\/\/i0.wp.com\/www.industriasurco.com.pe\/catalogo\/wp-content\/uploads\/2022\/07\/Freidora-Rematadora.jpg?resize=1320%2C880&amp;ssl=1 1320w, https:\/\/i0.wp.com\/www.industriasurco.com.pe\/catalogo\/wp-content\/uploads\/2022\/07\/Freidora-Rematadora.jpg?resize=450%2C300&amp;ssl=1 450w\" sizes=\"auto, (max-width: 558px) 100vw, 558px\" data-recalc-dims=\"1\" \/><br \/>\nNuestra Rematadora de papas tiene dos presentaciones : EL\u00c9CTRICA Y A GAS<\/p>\n","protected":false},"excerpt":{"rendered":"<p>Si no cuentas con mucho espacio en tu negocio o m\u00f3dulo y deseas una freidora de mesa a gas o el\u00e9ctrica que te ayude en tu negocio esta freidora te ayudar\u00e1 a cumplir con todos tus clientes.<\/p>\n<p><strong>Modelo<\/strong>: AE-1M<br \/>\n<strong>Dimensiones<\/strong>: 400 x 535 x 350 mm<br \/>\n<strong>Capacidad<\/strong>: 4 KG de papas<br \/>\n<strong>Canastillas<\/strong>:\u00a0 2<br \/>\n<strong>Potencia<\/strong>:\u00a0 4.2 KW\/ 220 V-60HZ<\/p>\n","protected":false},"featured_media":91,"comment_status":"open","ping_status":"closed","template":"","meta":{"advanced_seo_description":"","jetpack_seo_html_title":"","jetpack_seo_noindex":false},"product_cat":[18],"product_tag":[38],"class_list":{"0":"post-90","1":"product","2":"type-product","3":"status-publish","4":"has-post-thumbnail","6":"product_cat-equipos-de-gas","7":"product_tag-freidoras","9":"first","10":"instock","11":"shipping-taxable","12":"product-type-simple"},"jetpack_sharing_enabled":true,"_links":{"self":[{"href":"https:\/\/www.industriasurco.com.pe\/catalogo\/wp-json\/wp\/v2\/product\/90","targetHints":{"allow":["GET"]}}],"collection":[{"href":"https:\/\/www.industriasurco.com.pe\/catalogo\/wp-json\/wp\/v2\/product"}],"about":[{"href":"https:\/\/www.industriasurco.com.pe\/catalogo\/wp-json\/wp\/v2\/types\/product"}],"replies":[{"embeddable":true,"href":"https:\/\/www.industriasurco.com.pe\/catalogo\/wp-json\/wp\/v2\/comments?post=90"}],"wp:featuredmedia":[{"embeddable":true,"href":"https:\/\/www.industriasurco.com.pe\/catalogo\/wp-json\/wp\/v2\/media\/91"}],"wp:attachment":[{"href":"https:\/\/www.industriasurco.com.pe\/catalogo\/wp-json\/wp\/v2\/media?parent=90"}],"wp:term":[{"taxonomy":"product_cat","embeddable":true,"href":"https:\/\/www.industriasurco.com.pe\/catalogo\/wp-json\/wp\/v2\/product_cat?post=90"},{"taxonomy":"product_tag","embeddable":true,"href":"https:\/\/www.industriasurco.com.pe\/catalogo\/wp-json\/wp\/v2\/product_tag?post=90"}],"curies":[{"name":"wp","href":"https:\/\/api.w.org\/{rel}","templated":true}]}}